
{"id":55,"date":"2010-07-18T14:04:14","date_gmt":"2010-07-18T10:04:14","guid":{"rendered":"http:\/\/alsagha.com\/home\/?page_id=55"},"modified":"2026-01-27T01:05:31","modified_gmt":"2026-01-26T21:05:31","slug":"services","status":"publish","type":"page","link":"https:\/\/alsagha.com\/home\/services\/","title":{"rendered":"Products"},"content":{"rendered":"<p><strong><span style=\"font-size: small;\">Our product range includes the following<\/span><\/strong><\/p>\n<p><!--nextpage--><strong>Fittings               &amp; Hardware&#8217;s<\/strong><a href=\"http:\/\/alsagha.com\/home\/wp-content\/uploads\/2010\/07\/fit1.jpg\"><strong><br>\n<\/strong><\/a><a href=\"http:\/\/alsagha.com\/home\/?page_id=66\" target=\"_parent\" rel=\"noopener\"><\/a><a href=\"http:\/\/alsagha.com\/home\/?page_id=66\"><img loading=\"lazy\" class=\"alignnone size-full wp-image-596\" title=\"pr_fitting\" src=\"http:\/\/alsagha.com\/home\/wp-content\/uploads\/2011\/05\/pr_fitting.jpg\" alt=\"\" width=\"150\" height=\"84\"><\/a><br>\n<strong>Windows Remote Control System<\/strong><br>\n<a href=\"http:\/\/alsagha.com\/home\/?page_id=451\" target=\"_parent\" rel=\"noopener\"><\/a><a href=\"http:\/\/alsagha.com\/home\/?page_id=451\"><img loading=\"lazy\" class=\"alignnone size-full wp-image-597\" title=\"pr_wrc\" src=\"http:\/\/alsagha.com\/home\/wp-content\/uploads\/2011\/05\/pr_wrc.jpg\" alt=\"\" width=\"150\" height=\"84\"><\/a><\/p>\n<p style=\"text-align: left;\"><!--nextpage--><strong> <\/strong><strong> <\/strong><strong> <\/strong><strong>Accessories for Glass &amp; Mirror<\/strong><br>\n<a href=\"http:\/\/alsagha.com\/home\/?page_id=72\" target=\"_parent\" rel=\"noopener\"><\/a><a href=\"http:\/\/alsagha.com\/home\/?page_id=72\"><img loading=\"lazy\" class=\"alignnone size-full wp-image-598\" title=\"pr_acc\" src=\"http:\/\/alsagha.com\/home\/wp-content\/uploads\/2011\/05\/pr_acc.jpg\" alt=\"\" width=\"150\" height=\"84\"><\/a><br>\n<strong>Products        for Double        Glass Units<\/strong><a href=\"http:\/\/www.alsagha.com\/doubleglass.htm\"><br>\n<\/a><a href=\"http:\/\/alsagha.com\/home\/?page_id=74\" target=\"_parent\" rel=\"noopener\"><\/a><a href=\"http:\/\/alsagha.com\/home\/?page_id=74\"><img loading=\"lazy\" class=\"alignnone size-full wp-image-599\" title=\"pr_DOUBLE\" src=\"http:\/\/alsagha.com\/home\/wp-content\/uploads\/2011\/05\/pr_DOUBLE.jpg\" alt=\"\" width=\"150\" height=\"84\"><\/a><strong><\/strong><strong><\/strong><br>\n<!--nextpage--><strong>Glass Working Machines<br>\n<a href=\"http:\/\/alsagha.com\/home\/?page_id=76\" target=\"_parent\" rel=\"noopener\"><\/a><a href=\"http:\/\/alsagha.com\/home\/?page_id=76\"><img loading=\"lazy\" class=\"alignnone size-full wp-image-600\" title=\"pr_glass\" src=\"http:\/\/alsagha.com\/home\/wp-content\/uploads\/2011\/05\/pr_glass.jpg\" alt=\"\" width=\"150\" height=\"84\"><\/a><br>\nConsumables<br>\n<\/strong><a href=\"http:\/\/alsagha.com\/home\/?page_id=78\" target=\"_parent\" rel=\"noopener\"><\/a><a href=\"http:\/\/alsagha.com\/home\/?page_id=78\"><img loading=\"lazy\" class=\"alignnone size-full wp-image-601\" title=\"pr_Consumables\" src=\"http:\/\/alsagha.com\/home\/wp-content\/uploads\/2011\/05\/pr_Consumables.jpg\" alt=\"\" width=\"150\" height=\"84\"><\/a><\/p>\n<p><strong><!--nextpage--><\/strong><\/p>\n\n\n<p><p>Wenn Sie Unterst\u00fctzung bei akademischen Arbeiten ben\u00f6tigen, k\u00f6nnen Sie eine  bei professionellen Dienstleistern in Anspruch nehmen.<\/p><\/p>\n","protected":false},"excerpt":{"rendered":"<p>Our product range includes the following<\/p>\n","protected":false},"author":123,"featured_media":0,"parent":0,"menu_order":3,"comment_status":"open","ping_status":"open","template":"","meta":[],"_links":{"self":[{"href":"https:\/\/alsagha.com\/home\/wp-json\/wp\/v2\/pages\/55"}],"collection":[{"href":"https:\/\/alsagha.com\/home\/wp-json\/wp\/v2\/pages"}],"about":[{"href":"https:\/\/alsagha.com\/home\/wp-json\/wp\/v2\/types\/page"}],"author":[{"embeddable":true,"href":"https:\/\/alsagha.com\/home\/wp-json\/wp\/v2\/users\/123"}],"replies":[{"embeddable":true,"href":"https:\/\/alsagha.com\/home\/wp-json\/wp\/v2\/comments?post=55"}],"version-history":[{"count":27,"href":"https:\/\/alsagha.com\/home\/wp-json\/wp\/v2\/pages\/55\/revisions"}],"predecessor-version":[{"id":2350,"href":"https:\/\/alsagha.com\/home\/wp-json\/wp\/v2\/pages\/55\/revisions\/2350"}],"wp:attachment":[{"href":"https:\/\/alsagha.com\/home\/wp-json\/wp\/v2\/media?parent=55"}],"curies":[{"name":"wp","href":"https:\/\/api.w.org\/{rel}","templated":true}]}}